{"id":22,"date":"2019-06-29T10:39:11","date_gmt":"2019-06-29T08:39:11","guid":{"rendered":"https:\/\/aql2.mx24.org\/?page_id=22"},"modified":"2025-09-26T16:30:05","modified_gmt":"2025-09-26T14:30:05","slug":"impressum","status":"publish","type":"page","link":"https:\/\/www.antiquariat-laessig.de\/?page_id=22","title":{"rendered":"Impressum"},"content":{"rendered":"\n<p><strong>Antiquariat J\u00fcrgen L\u00e4ssig<\/strong><br>Inhaber: J\u00fcrgen L\u00e4ssig<br><\/p>\n\n\n\n<p><strong>Finckensteinallee 87<br>12205 Berlin, Deutschland<\/strong><br>(Westf\u00e4lische Str. 51 10711 Berlin)<br>Telefon +49 (0)30 883 54 30<br>E-Mail info@antiquariat-laessig.de <\/p>\n\n\n\n<p>www.antiquariat-laessig.de<\/p>\n\n\n\n<p><br><strong>Versandantiquariat &#8211; kein Ladengesch\u00e4ft<\/strong><br>(Besuche nach Anmeldung)<\/p>\n\n\n\n<p><strong>USt-IdNr. DE 217860131<\/strong><\/p>\n\n\n\n<p>Wir sind nicht bereit oder verpflichtet, an Streitbeilegungsverfahren<br>vor einer Verbraucherschlichtungsstelle teilzunehmen.<\/p>\n","protected":false},"excerpt":{"rendered":"<p>Antiquariat J\u00fcrgen L\u00e4ssigInhaber: J\u00fcrgen L\u00e4ssig Finckensteinallee 8712205 Berlin, Deutschland(Westf\u00e4lische Str. 51 10711 Berlin)Telefon +49 (0)30 883 54 30E-Mail info@antiquariat-laessig.de www.antiquariat-laessig.de Versandantiquariat &#8211; kein Ladengesch\u00e4ft(Besuche nach Anmeldung) USt-IdNr. DE 217860131 Wir sind nicht bereit oder verpflichtet, an Streitbeilegungsverfahrenvor einer Verbraucherschlichtungsstelle teilzunehmen.<\/p>\n","protected":false},"author":1,"featured_media":0,"parent":0,"menu_order":0,"comment_status":"closed","ping_status":"closed","template":"","meta":{"footnotes":""},"class_list":["post-22","page","type-page","status-publish","hentry"],"_links":{"self":[{"href":"https:\/\/www.antiquariat-laessig.de\/index.php?rest_route=\/wp\/v2\/pages\/22"}],"collection":[{"href":"https:\/\/www.antiquariat-laessig.de\/index.php?rest_route=\/wp\/v2\/pages"}],"about":[{"href":"https:\/\/www.antiquariat-laessig.de\/index.php?rest_route=\/wp\/v2\/types\/page"}],"author":[{"embeddable":true,"href":"https:\/\/www.antiquariat-laessig.de\/index.php?rest_route=\/wp\/v2\/users\/1"}],"replies":[{"embeddable":true,"href":"https:\/\/www.antiquariat-laessig.de\/index.php?rest_route=%2Fwp%2Fv2%2Fcomments&post=22"}],"version-history":[{"count":6,"href":"https:\/\/www.antiquariat-laessig.de\/index.php?rest_route=\/wp\/v2\/pages\/22\/revisions"}],"predecessor-version":[{"id":219,"href":"https:\/\/www.antiquariat-laessig.de\/index.php?rest_route=\/wp\/v2\/pages\/22\/revisions\/219"}],"wp:attachment":[{"href":"https:\/\/www.antiquariat-laessig.de\/index.php?rest_route=%2Fwp%2Fv2%2Fmedia&parent=22"}],"curies":[{"name":"wp","href":"https:\/\/api.w.org\/{rel}","templated":true}]}}