{"id":24,"date":"2019-06-29T10:39:29","date_gmt":"2019-06-29T08:39:29","guid":{"rendered":"https:\/\/aql2.mx24.org\/?page_id=24"},"modified":"2025-05-04T14:22:41","modified_gmt":"2025-05-04T12:22:41","slug":"agb-und-versand","status":"publish","type":"page","link":"https:\/\/www.antiquariat-laessig.de\/?page_id=24","title":{"rendered":"AGBs"},"content":{"rendered":"\n<p><strong>Allgemeines<\/strong><\/p>\n\n\n\n<p>Die folgenden Allgemeinen Gesch\u00e4ftsbedingungen gelten f\u00fcr alle Gesch\u00e4ftsbeziehungen zwischen mir und meinen Kunden. Ma\u00dfgeblich ist jeweils die zum Zeitpunkt des Vertragsschlusses g\u00fcltige Fassung.<\/p>\n\n\n\n<p><strong>Angebot und Vertragsschluss<\/strong><\/p>\n\n\n\n<p>Meine Angebote sind freibleibend und stellen kein bindendes Vertragsangebot dar. Mit einer Bestellung erkl\u00e4rt der Kunde verbindlich sein Vertragsangebot. Ich werde den Zugang der Bestellung best\u00e4tigen. Bestellungen gelten als angenommen, wenn die Lieferung und Berechnung an den Kunden erfolgt. Die Zugangsbest\u00e4tigung kann mit der Annahmeerkl\u00e4rung verbunden werden. Ich bin berechtigt die Annahme der Bestellung abzulehnen.&nbsp;<\/p>\n\n\n\n<p><strong>Widerrufsbelehrung<\/strong><\/p>\n\n\n\n<p>Widerrufsrecht f\u00fcr VerbraucherSie haben das Recht innerhalb von 14 Tagen ohne Angabe von Gr\u00fcnden diesen Vertrag zu widerrufen. Die Frist betr\u00e4gt 14 Tage ab dem Tag an dem Sie oder ein von Ihnen Bevollm\u00e4chtigter, der nicht der Bef\u00f6rderer ist, die Waren in Besitz genommen haben bzw. hat. Um Ihr Widerspruchsrecht auszu\u00fcben, m\u00fcssen Sie uns: Antiquariat J\u00fcrgen L\u00e4ssig, Inhaber: J\u00fcrgen L\u00e4\u00dfig, Westf\u00e4lische Str.51, 10711 Berlin, Deutschland E-Mail: info@antiquariat-laessig.de Adresse f\u00fcr R\u00fccksendungen der Sachen (Ware): Antiquariat J\u00fcrgen L\u00e4ssig, Finckensteinallee 87, 12205 Berlin, Deutschland mittels einer eindeutigen Erkl\u00e4rung (Brief per Post oder E-Mail) \u00fcber Ihren Entschluss, diesen Vertrag zu widerrufen, informieren. Sie k\u00f6nnen dazu das beigef\u00fcgte Muster-Widerrufsformular benutzen, das jedoch nicht vorgeschrieben ist. Zur Wahrung der Widerrufsfrist reicht es aus, dass Sie die Mitteilung \u00fcber die Aus\u00fcbung der Widerspruchsfrist vor Ablauf der Widerspruchsfrist absenden.<\/p>\n\n\n\n<p>Antiquariat J\u00fcrgen L\u00e4ssig<br>Inhaber: J\u00fcrgen L\u00e4\u00dfig<br>Westf\u00e4lische Strasse 51<br>10711 Berlin<br><br>E-Mail info@antiquariat-laessig.de<\/p>\n\n\n\n<p><strong>Widerrufsfolgen<\/strong><\/p>\n\n\n\n<p>Wenn Sie diesen Vertrag widerrufen, haben wir Ihnen alle Zahlungen, die wir von Ihnen erhalten haben einschlie\u00dflich der Lieferkosten (mit Ausnahme zus\u00e4tzlicher Kosten, die durch eine andere von Ihnen gew\u00fcnschte Lieferungsart als die von uns angebotenen Standardlieferungen gew\u00fcnscht haben), unverz\u00fcglich und sp\u00e4testens binnen 14 Tagen ab dem Tag zur\u00fcckzuzahlen, an dem die Mitteilung \u00fcber Ihren Widerruf dieses Vertrags bei uns eingegangen ist. F\u00fcr die R\u00fcckzahlung benutzen wir das gleiche Zahlungsmittel, das Sie bei der urspr\u00fcnglichen Transaktion eingesetzt haben, es sein denn, mit Ihnen wurde ausdr\u00fccklich etwas anderes vereinbart. Entgelte werden f\u00fcr diese R\u00fcckzahlungen nicht erhoben. Wir k\u00f6nnen die R\u00fcckzahlung verweigern bis wir die Ware wieder zur\u00fcckerhalten haben oder bis Sie den Nachweis erbracht haben, dass Sie die Ware zur\u00fcckgesandt haben, je nachdem welches der fr\u00fchere Zeitpunkt ist. Der Verbraucher (Kunde) tr\u00e4gt die unmittelbaren Kosten der R\u00fccksendung. F\u00fcr einen etwaigen Wertverlust der Ware m\u00fcssen Sie nur aufkommen, wenn der Wertverlust auf unsachgem\u00e4\u00dfen Umgang und unsachgem\u00e4\u00dfe Verpackung zur\u00fcckzuf\u00fchren ist.<\/p>\n\n\n\n<p>Ende der Widerrufsbelehrung<\/p>\n\n\n\n<p><strong>R\u00fccksendekosten<\/strong><\/p>\n\n\n\n<p>Bei R\u00fccksendungen im Falle eines wirksamen Widerrufs (\u00a7 357 Abs. 2 BGB) hat der Kunde die Kosten zu tragen, wenn die gelieferte Ware der bestellten entspricht und wenn der Preis der zur\u00fcckzusendenden Sache einen Betrag von 40 Euro nicht \u00fcbersteigt oder wenn bei einem h\u00f6heren Preis der Sache zum Zeitpunkt des Widerrufs noch nicht die Gegenleistung oder eine vertraglich vereinbarte Teilzahlung erbracht wurde. Unfreie R\u00fccksendungen werden nicht angenommen, bitte vorher R\u00fccksprache halten. Bei Sonderlieferungen (z.B. Ansichtssendungen) tr\u00e4gt der Kunde die R\u00fccksendekosten.<\/p>\n\n\n\n<p><strong>Preise, Zahlungsbedingungen und Eigentumsvorbehalt<\/strong><\/p>\n\n\n\n<p>Die angegebenen Preise verstehen sich in Euro einschlie\u00dflich der jeweils g\u00fcltigen gesetzlichen Mehrwertsteuer. F\u00fcr Kunden au\u00dferhalb der EU gilt brutto f\u00fcr netto. Hinzu kommen die im Rahmen des Bestellvorgangs angegebenen Versandkosten. Dem Kunden entstehen bei Bestellung durch Nutzung der Fernkommunikationsmittel keine zus\u00e4tzlichen Kosten. Der Kunde kann den Preis per Rechnung, PayPal, Vorkasse oder Nachnahme leisten. Ich behalte mir das Recht vor, einzelne Zahlungsarten auszuschlie\u00dfen. Nach Erhalt der Leistung ist der Preis sofort zahlbar. Der Kunde kommt 14 Tage nach Erhalt der Leistung in Zahlungsverzug und hat w\u00e4hrend des Verzugs die Geldschuld in H\u00f6he von 5 % \u00fcber dem Basiszinssatz zu verzinsen. Der Unternehmer hat w\u00e4hrend des Verzugs die Geldschuld in H\u00f6he von 8 % \u00fcber dem Basiszinssatz zu verzinsen. Der Kunde hat ein Recht zur Aufrechnung nur, wenn seine Gegenanspr\u00fcche rechtskr\u00e4ftig festgestellt wurden und oder durch mich anerkannt wurden. Der Kunde kann ein Zur\u00fcckbehaltungsrecht nur aus\u00fcben, wenn sein Gegenanspruch auf demselben Vertragsverh\u00e4ltnis beruht. Die Ware bleibt bis zur vollst\u00e4ndigen Bezahlung Eigentum des Antiquariats J\u00fcrgen L\u00e4ssig.<\/p>\n\n\n\n<p><strong>Besondere Inhalte<\/strong><\/p>\n\n\n\n<p>B\u00fccher, Brosch\u00fcren, Zeitschriften oder andere Gegenst\u00e4nde aus der Zeit 1933-1945, mit darin enthaltenen zeitgeschichtlichen oder milit\u00e4r-historischen Darstellungen und Inhalten, werden nur zu Zwecken staatsb\u00fcrgerlicher Aufkl\u00e4rung, der Abwehr verfassungswidriger und verfassungsfeindlicher Bestrebungen, der wissenschaftlichen und kulturhistorischen Forschung etc. (\u00a7 86 StGB) verkauft.<\/p>\n\n\n\n<p><strong>Datenschutz<\/strong><\/p>\n\n\n\n<p>Es werden nur solche Daten erhoben und gespeichert, die zur Bearbeitung einer Bestellung unbedingt notwendig sind. Die mir \u00fcbermittelten pers\u00f6nlichen Daten werden nur zweckbezogen zur Durchf\u00fchrung des Kaufvertrages verwandt. Eine Weitergabe personenbezogener Daten an Dritte erfolgt nicht. Ich erhebe personenbezogene Daten nur im gesetzlich zul\u00e4ssigen Rahmen, insbesondere nach den geltenden Bestimmungen des Bundesdatenschutzgesetzes und des Teledienstdatenschutzgesetzes.&nbsp;<\/p>\n\n\n\n<p><strong>Gefahr\u00fcbergang<\/strong><\/p>\n\n\n\n<p>Bei privaten Kunden geht die Gefahr des zuf\u00e4lligen Untergangs und der zuf\u00e4lligen Verschlechterung der verkauften Ware auch beim Versendungskauf mit der \u00dcbergabe der Ware auf diesen \u00fcber. Bei gewerblichen Kunden geht die Gefahr des zuf\u00e4lligen Untergangs und der zuf\u00e4lligen Verschlechterung der Ware mit der Auslieferung der Ware an den Spediteur oder der sonst zur Ausf\u00fchrung der Versendung bestimmten Person oder Anstalt auf den Unternehmer \u00fcber. Der \u00dcbergabe steht es gleich, wenn der Kunde im Verzug der Annahme ist.&nbsp;<\/p>\n\n\n\n<p><strong>Gew\u00e4hrleistung<\/strong><\/p>\n\n\n\n<p>Die hier angebotenen antiquarischen B\u00fccher, Brosch\u00fcren, Zeitschriften etc. weisen h\u00e4ufig Gebrauchsspuren auf, welche aber im jeweiligen Verkaufspreis ber\u00fccksichtigt sind. Weitergehende M\u00e4ngel werden angegeben und die Ware in&nbsp;der jeweiligen&nbsp;Beschreibung geliefert. &nbsp;<\/p>\n\n\n\n<p><strong>Schlussbestimmungen<\/strong><\/p>\n\n\n\n<p>Es gilt das Recht der Bundesrepublik Deutschland. Die Bestimmungen des UN-Kaufrechts finden keine Anwendung. Die Sprache f\u00fcr den Vertragsschluss sowie das gesamte Vertragsverh\u00e4ltnis ist Deutsch. Ist der Kunde Kaufmann, juristische Person des \u00f6ffentlichen Rechts oder \u00f6ffentlich-rechtliches Sonderverm\u00f6gen, ist ausschlie\u00dflicher Gerichtsstand f\u00fcr alle Streitigkeiten aus diesem Vertrag mein Gesch\u00e4ftssitz, zur Zeit Berlin. Dasselbe gilt, wenn der Kunde keinen allgemeinen Gerichtsstand in Deutschland hat oder Wohnsitz oder gew\u00f6hnlicher Aufenthalt zum Zeitpunkt der Klageerhebung nicht bekannt sind. Mit einer Bestellung werden die Gesch\u00e4ftsbedingungen anerkannt. Sollten einzelne Bestimmungen des Vertrages mit dem Kunden einschlie\u00dflich dieser Allgemeinen Gesch\u00e4ftsbedingungen ganz oder teilweise unwirksam sein oder werden, so wird hierdurch die G\u00fcltigkeit der \u00fcbrigen Bestimmungen nicht ber\u00fchrt.&nbsp;<\/p>\n\n\n\n<p>Berlin, Juni 2021<\/p>\n","protected":false},"excerpt":{"rendered":"<p>Allgemeines Die folgenden Allgemeinen Gesch\u00e4ftsbedingungen gelten f\u00fcr alle Gesch\u00e4ftsbeziehungen zwischen mir und meinen Kunden. Ma\u00dfgeblich ist jeweils die zum Zeitpunkt des Vertragsschlusses g\u00fcltige Fassung. Angebot und Vertragsschluss Meine Angebote sind freibleibend und stellen kein bindendes Vertragsangebot dar. Mit einer Bestellung erkl\u00e4rt der Kunde verbindlich sein Vertragsangebot. Ich werde den Zugang der Bestellung best\u00e4tigen. Bestellungen gelten &hellip; <a href=\"https:\/\/www.antiquariat-laessig.de\/?page_id=24\" class=\"more-link\"><span class=\"screen-reader-text\">\u201eAGBs\u201c<\/span> weiterlesen<\/a><\/p>\n","protected":false},"author":1,"featured_media":0,"parent":0,"menu_order":0,"comment_status":"closed","ping_status":"closed","template":"","meta":{"footnotes":""},"class_list":["post-24","page","type-page","status-publish","hentry"],"_links":{"self":[{"href":"https:\/\/www.antiquariat-laessig.de\/index.php?rest_route=\/wp\/v2\/pages\/24"}],"collection":[{"href":"https:\/\/www.antiquariat-laessig.de\/index.php?rest_route=\/wp\/v2\/pages"}],"about":[{"href":"https:\/\/www.antiquariat-laessig.de\/index.php?rest_route=\/wp\/v2\/types\/page"}],"author":[{"embeddable":true,"href":"https:\/\/www.antiquariat-laessig.de\/index.php?rest_route=\/wp\/v2\/users\/1"}],"replies":[{"embeddable":true,"href":"https:\/\/www.antiquariat-laessig.de\/index.php?rest_route=%2Fwp%2Fv2%2Fcomments&post=24"}],"version-history":[{"count":6,"href":"https:\/\/www.antiquariat-laessig.de\/index.php?rest_route=\/wp\/v2\/pages\/24\/revisions"}],"predecessor-version":[{"id":205,"href":"https:\/\/www.antiquariat-laessig.de\/index.php?rest_route=\/wp\/v2\/pages\/24\/revisions\/205"}],"wp:attachment":[{"href":"https:\/\/www.antiquariat-laessig.de\/index.php?rest_route=%2Fwp%2Fv2%2Fmedia&parent=24"}],"curies":[{"name":"wp","href":"https:\/\/api.w.org\/{rel}","templated":true}]}}