{"id":85,"date":"2019-06-30T15:01:18","date_gmt":"2019-06-30T13:01:18","guid":{"rendered":"https:\/\/aql2.mx24.org\/?page_id=85"},"modified":"2025-05-04T14:14:58","modified_gmt":"2025-05-04T12:14:58","slug":"versand-und-lieferung","status":"publish","type":"page","link":"https:\/\/www.antiquariat-laessig.de\/?page_id=85","title":{"rendered":"Versand und Lieferung"},"content":{"rendered":"\n<p><strong>Inland<\/strong><\/p>\n\n\n\n<p>Warensendung bis 1 Kg oder Wert bis 40,00 Euro&nbsp;&nbsp;= 3,50 Euro<\/p>\n\n\n\n<p>Paket bis\u00a0\u00a0\u00a02 Kg =\u00a0\u00a07,50 Euro<br>Paket bis\u00a0\u00a0\u00a05 Kg =\u00a0\u00a08,50 Euro<br>Paket bis 10 Kg = 13,50 Euro<br>Paket bis 20 Kg = 22,00 Euro<br>Paket bis 31 Kg = 26,00 Euro<\/p>\n\n\n\n<p><strong>Europ\u00e4ische Union<\/strong><\/p>\n\n\n\n<p>2 kg &#8211; P\u00e4ckchen XS (max. 35 x 25 x 3 cm) = 11,50 Euro<br>2 kg &#8211; P\u00e4ckchen M. (max. L + B + H = 90 cm) = 13,50 Euro<br><br>Paket bis\u00a0\u00a0\u00a05 Kg = 18,00 Euro<br>Paket bis 10 Kg = 24,50 Euro<br>Paket bis 20 Kg = 35,00 Euro<br>Paket bis 30 Kg = 48,50 Euro<\/p>\n\n\n\n<p><strong>\u00dcbersee und Europa au\u00dferhalb der Europ\u00e4ischen Union<\/strong><\/p>\n\n\n\n<p>2 kg &#8211; P\u00e4ckchen XS\u00a0\u00a0\u00a0\u00a0\u00a0\u00a0(max. 35 x 25 x 3 cm) = 18,50 Euro<br>2 kg &#8211; P\u00e4ckchen M (max. L + B + H = 90 cm) = 24,00 Euro<\/p>\n\n\n\n<p>Pakete auf Nachfrage \u2013 Unterschiedliche Preise nach Land und Gewicht<br><br><strong>(Zusatzleistungen und Sonderw\u00fcnsche auf Anfrage)<\/strong><\/p>\n","protected":false},"excerpt":{"rendered":"<p>Inland Warensendung bis 1 Kg oder Wert bis 40,00 Euro&nbsp;&nbsp;= 3,50 Euro Paket bis\u00a0\u00a0\u00a02 Kg =\u00a0\u00a07,50 EuroPaket bis\u00a0\u00a0\u00a05 Kg =\u00a0\u00a08,50 EuroPaket bis 10 Kg = 13,50 EuroPaket bis 20 Kg = 22,00 EuroPaket bis 31 Kg = 26,00 Euro Europ\u00e4ische Union 2 kg &#8211; P\u00e4ckchen XS (max. 35 x 25 x 3 cm) = 11,50 &hellip; <a href=\"https:\/\/www.antiquariat-laessig.de\/?page_id=85\" class=\"more-link\"><span class=\"screen-reader-text\">\u201eVersand und Lieferung\u201c<\/span> weiterlesen<\/a><\/p>\n","protected":false},"author":1,"featured_media":0,"parent":0,"menu_order":0,"comment_status":"closed","ping_status":"closed","template":"","meta":{"footnotes":""},"class_list":["post-85","page","type-page","status-publish","hentry"],"_links":{"self":[{"href":"https:\/\/www.antiquariat-laessig.de\/index.php?rest_route=\/wp\/v2\/pages\/85"}],"collection":[{"href":"https:\/\/www.antiquariat-laessig.de\/index.php?rest_route=\/wp\/v2\/pages"}],"about":[{"href":"https:\/\/www.antiquariat-laessig.de\/index.php?rest_route=\/wp\/v2\/types\/page"}],"author":[{"embeddable":true,"href":"https:\/\/www.antiquariat-laessig.de\/index.php?rest_route=\/wp\/v2\/users\/1"}],"replies":[{"embeddable":true,"href":"https:\/\/www.antiquariat-laessig.de\/index.php?rest_route=%2Fwp%2Fv2%2Fcomments&post=85"}],"version-history":[{"count":7,"href":"https:\/\/www.antiquariat-laessig.de\/index.php?rest_route=\/wp\/v2\/pages\/85\/revisions"}],"predecessor-version":[{"id":200,"href":"https:\/\/www.antiquariat-laessig.de\/index.php?rest_route=\/wp\/v2\/pages\/85\/revisions\/200"}],"wp:attachment":[{"href":"https:\/\/www.antiquariat-laessig.de\/index.php?rest_route=%2Fwp%2Fv2%2Fmedia&parent=85"}],"curies":[{"name":"wp","href":"https:\/\/api.w.org\/{rel}","templated":true}]}}