{"id":93,"date":"2019-06-30T15:25:13","date_gmt":"2019-06-30T13:25:13","guid":{"rendered":"https:\/\/aql2.mx24.org\/?page_id=93"},"modified":"2025-07-22T19:54:59","modified_gmt":"2025-07-22T17:54:59","slug":"widerrufsbelehrung","status":"publish","type":"page","link":"https:\/\/www.antiquariat-laessig.de\/?page_id=93","title":{"rendered":"Widerrufsbelehrung"},"content":{"rendered":"\n<p><strong>Widerrufsbelehrung<\/strong><\/p>\n\n\n\n<p>Widerrufsrecht f\u00fcr Verbraucher<\/p>\n\n\n\n<p>Sie haben das Recht innerhalb von 14 Tagen ohne Angabe von Gr\u00fcnden diesen Vertrag zu widerrufen. Die Frist betr\u00e4gt 14 Tage ab dem Tag an dem Sie oder ein von Ihnen Bevollm\u00e4chtigter, der nicht der Bef\u00f6rderer ist, die Waren in Besitz genommen haben bzw. hat. <\/p>\n\n\n\n<p>Um Ihr Widerspruchsrecht auszu\u00fcben, m\u00fcssen Sie uns: Antiquariat J\u00fcrgen L\u00e4ssig, Inhaber: J\u00fcrgen L\u00e4\u00dfig, Westf\u00e4lische Str.51, 10711 Berlin, Deutschland E-Mail: info@antiquariat-laessig.de Adresse f\u00fcr R\u00fccksendungen der Sachen (Ware): Antiquariat J\u00fcrgen L\u00e4ssig, Finckensteinallee 87, 12205 Berlin, Deutschland mittels einer eindeutigen Erkl\u00e4rung (Brief per Post oder E-Mail) \u00fcber Ihren Entschluss, diesen Vertrag zu widerrufen, informieren. <\/p>\n\n\n\n<p>Sie k\u00f6nnen dazu das beigef\u00fcgte Muster-Widerrufsformular benutzen, das jedoch nicht vorgeschrieben ist. Zur Wahrung der Widerrufsfrist reicht es aus, dass Sie die Mitteilung \u00fcber die Aus\u00fcbung der Widerspruchsfrist vor Ablauf der Widerspruchsfrist absenden.<\/p>\n\n\n\n<p><\/p>\n\n\n\n\n\n<p>Antiquariat J\u00fcrgen L\u00e4ssig<br>Inhaber: J\u00fcrgen L\u00e4\u00dfig<br>Westf\u00e4lische Strasse 51<br>10711 Berlin<br><br>E-Mail info@antiquariat-laessig.de<\/p>\n\n\n\n<p><strong>Widerrufsfolgen<\/strong><\/p>\n\n\n\n<p>Wenn Sie diesen Vertrag widerrufen, haben wir Ihnen alle Zahlungen, die wir von Ihnen erhalten haben einschlie\u00dflich der Lieferkosten (mit Ausnahme zus\u00e4tzlicher Kosten, die durch eine andere von Ihnen gew\u00fcnschte Lieferungsart als die von uns angebotenen Standardlieferungen gew\u00fcnscht haben), unverz\u00fcglich und sp\u00e4testens binnen 14 Tagen ab dem Tag zur\u00fcckzuzahlen, an dem die Mitteilung \u00fcber Ihren Widerruf dieses Vertrags bei uns eingegangen ist. F\u00fcr die R\u00fcckzahlung benutzen wir das gleiche Zahlungsmittel, das Sie bei der urspr\u00fcnglichen Transaktion eingesetzt haben, es sein denn, mit Ihnen wurde ausdr\u00fccklich etwas anderes vereinbart. Entgelte werden f\u00fcr diese R\u00fcckzahlungen nicht erhoben. Wir k\u00f6nnen die R\u00fcckzahlung verweigern bis wir die Ware wieder zur\u00fcckerhalten haben oder bis Sie den Nachweis erbracht haben, dass Sie die Ware zur\u00fcckgesandt haben, je nachdem welches der fr\u00fchere Zeitpunkt ist. Der Verbraucher (Kunde) tr\u00e4gt die unmittelbaren Kosten der R\u00fccksendung. F\u00fcr einen etwaigen Wertverlust der Ware m\u00fcssen Sie nur aufkommen, wenn der Wertverlust auf unsachgem\u00e4\u00dfen Umgang und unsachgem\u00e4\u00dfe Verpackung zur\u00fcckzuf\u00fchren ist.<\/p>\n\n\n\n<p>Ende der Widerrufsbelehrung<\/p>\n","protected":false},"excerpt":{"rendered":"<p>Widerrufsbelehrung Widerrufsrecht f\u00fcr Verbraucher Sie haben das Recht innerhalb von 14 Tagen ohne Angabe von Gr\u00fcnden diesen Vertrag zu widerrufen. Die Frist betr\u00e4gt 14 Tage ab dem Tag an dem Sie oder ein von Ihnen Bevollm\u00e4chtigter, der nicht der Bef\u00f6rderer ist, die Waren in Besitz genommen haben bzw. hat. Um Ihr Widerspruchsrecht auszu\u00fcben, m\u00fcssen Sie &hellip; <a href=\"https:\/\/www.antiquariat-laessig.de\/?page_id=93\" class=\"more-link\"><span class=\"screen-reader-text\">\u201eWiderrufsbelehrung\u201c<\/span> weiterlesen<\/a><\/p>\n","protected":false},"author":1,"featured_media":0,"parent":0,"menu_order":0,"comment_status":"closed","ping_status":"closed","template":"","meta":{"footnotes":""},"class_list":["post-93","page","type-page","status-publish","hentry"],"_links":{"self":[{"href":"https:\/\/www.antiquariat-laessig.de\/index.php?rest_route=\/wp\/v2\/pages\/93"}],"collection":[{"href":"https:\/\/www.antiquariat-laessig.de\/index.php?rest_route=\/wp\/v2\/pages"}],"about":[{"href":"https:\/\/www.antiquariat-laessig.de\/index.php?rest_route=\/wp\/v2\/types\/page"}],"author":[{"embeddable":true,"href":"https:\/\/www.antiquariat-laessig.de\/index.php?rest_route=\/wp\/v2\/users\/1"}],"replies":[{"embeddable":true,"href":"https:\/\/www.antiquariat-laessig.de\/index.php?rest_route=%2Fwp%2Fv2%2Fcomments&post=93"}],"version-history":[{"count":5,"href":"https:\/\/www.antiquariat-laessig.de\/index.php?rest_route=\/wp\/v2\/pages\/93\/revisions"}],"predecessor-version":[{"id":217,"href":"https:\/\/www.antiquariat-laessig.de\/index.php?rest_route=\/wp\/v2\/pages\/93\/revisions\/217"}],"wp:attachment":[{"href":"https:\/\/www.antiquariat-laessig.de\/index.php?rest_route=%2Fwp%2Fv2%2Fmedia&parent=93"}],"curies":[{"name":"wp","href":"https:\/\/api.w.org\/{rel}","templated":true}]}}